{"id":74,"date":"2020-03-24T15:49:12","date_gmt":"2020-03-24T14:49:12","guid":{"rendered":"http:\/\/hashdezo.fr\/?page_id=74"},"modified":"2025-06-17T16:13:11","modified_gmt":"2025-06-17T14:13:11","slug":"sapbw4hana","status":"publish","type":"page","link":"https:\/\/www.hashdezo.fr\/index.php\/sapbw4hana\/","title":{"rendered":"SAP BW\/4HANA"},"content":{"rendered":"\t\t<div data-elementor-type=\"wp-page\" data-elementor-id=\"74\" class=\"elementor elementor-74\">\n\t\t\t\t\t\t<section class=\"elementor-section elementor-top-section elementor-element elementor-element-384f1a8 elementor-section-boxed elementor-section-height-default elementor-section-height-default\" data-id=\"384f1a8\" data-element_type=\"section\" data-e-type=\"section\">\n\t\t\t\t\t\t<div class=\"elementor-container elementor-column-gap-default\">\n\t\t\t\t\t<div class=\"elementor-column elementor-col-100 elementor-top-column elementor-element elementor-element-c26af19\" data-id=\"c26af19\" data-element_type=\"column\" data-e-type=\"column\">\n\t\t\t<div class=\"elementor-widget-wrap elementor-element-populated\">\n\t\t\t\t\t\t<div class=\"elementor-element elementor-element-82a9a68 elementor-widget elementor-widget-heading\" data-id=\"82a9a68\" data-element_type=\"widget\" data-e-type=\"widget\" data-widget_type=\"heading.default\">\n\t\t\t\t<div class=\"elementor-widget-container\">\n\t\t\t\t\t<h2 class=\"elementor-heading-title elementor-size-default\">Purifiez vos donn\u00e9es, clarifiez vos d\u00e9cisions<\/h2>\t\t\t\t<\/div>\n\t\t\t\t<\/div>\n\t\t\t\t<div class=\"elementor-element elementor-element-4884d2a elementor-widget-divider--view-line elementor-widget elementor-widget-divider\" data-id=\"4884d2a\" data-element_type=\"widget\" data-e-type=\"widget\" data-widget_type=\"divider.default\">\n\t\t\t\t<div class=\"elementor-widget-container\">\n\t\t\t\t\t\t\t<div class=\"elementor-divider\">\n\t\t\t<span class=\"elementor-divider-separator\">\n\t\t\t\t\t\t<\/span>\n\t\t<\/div>\n\t\t\t\t\t\t<\/div>\n\t\t\t\t<\/div>\n\t\t\t\t\t<\/div>\n\t\t<\/div>\n\t\t\t\t\t<\/div>\n\t\t<\/section>\n\t\t\t\t<section class=\"elementor-section elementor-top-section elementor-element elementor-element-07e28dd elementor-section-boxed elementor-section-height-default elementor-section-height-default\" data-id=\"07e28dd\" data-element_type=\"section\" data-e-type=\"section\">\n\t\t\t\t\t\t<div class=\"elementor-container elementor-column-gap-default\">\n\t\t\t\t\t<div class=\"elementor-column elementor-col-100 elementor-top-column elementor-element elementor-element-1a3200f\" data-id=\"1a3200f\" data-element_type=\"column\" data-e-type=\"column\">\n\t\t\t<div class=\"elementor-widget-wrap elementor-element-populated\">\n\t\t\t\t\t\t<section class=\"elementor-section elementor-inner-section elementor-element elementor-element-8f92e38 elementor-section-boxed elementor-section-height-default elementor-section-height-default\" data-id=\"8f92e38\" data-element_type=\"section\" data-e-type=\"section\">\n\t\t\t\t\t\t<div class=\"elementor-container elementor-column-gap-default\">\n\t\t\t\t\t<div class=\"elementor-column elementor-col-50 elementor-inner-column elementor-element elementor-element-235f7ac\" data-id=\"235f7ac\" data-element_type=\"column\" data-e-type=\"column\">\n\t\t\t<div class=\"elementor-widget-wrap elementor-element-populated\">\n\t\t\t\t\t\t<div class=\"elementor-element elementor-element-c6196a5 elementor-widget elementor-widget-text-editor\" data-id=\"c6196a5\" data-element_type=\"widget\" data-e-type=\"widget\" data-widget_type=\"text-editor.default\">\n\t\t\t\t<div class=\"elementor-widget-container\">\n\t\t\t\t\t\t\t\t\t<p>SAP BW\/4HANA est l&rsquo;\u00e9volution de la solution SAP BW. Il s&rsquo;agit d&rsquo;un nouveau produit qui permet de migrer vers des fonctionnalit\u00e9s novatrices en terme de d\u00e9cisionnel et d&rsquo;analytique.<\/p><p>SAP BW\/4HANA est :<\/p><ul style=\"padding-left: 15px; list-style: outside none disc;\"><li>une nouvelle solution de data warehouse, optimis\u00e9 pour SAP HANA,<\/li><li>un d\u00e9veloppement simplifi\u00e9<\/li><li>une version pour le Big Data et l\u2019IoT<\/li><\/ul>\t\t\t\t\t\t\t\t<\/div>\n\t\t\t\t<\/div>\n\t\t\t\t\t<\/div>\n\t\t<\/div>\n\t\t\t\t<div class=\"elementor-column elementor-col-50 elementor-inner-column elementor-element elementor-element-501ce88\" data-id=\"501ce88\" data-element_type=\"column\" data-e-type=\"column\">\n\t\t\t<div class=\"elementor-widget-wrap elementor-element-populated\">\n\t\t\t\t\t\t<div class=\"elementor-element elementor-element-5c90c72 elementor-widget elementor-widget-image\" data-id=\"5c90c72\" data-element_type=\"widget\" data-e-type=\"widget\" data-widget_type=\"image.default\">\n\t\t\t\t<div class=\"elementor-widget-container\">\n\t\t\t\t\t\t\t\t\t\t\t\t\t\t\t<img fetchpriority=\"high\" decoding=\"async\" width=\"1024\" height=\"701\" src=\"https:\/\/www.hashdezo.fr\/wp-content\/uploads\/2021\/01\/bw4_arrondi-1024x701.png\" class=\"attachment-large size-large wp-image-285\" alt=\"\" srcset=\"https:\/\/www.hashdezo.fr\/wp-content\/uploads\/2021\/01\/bw4_arrondi-1024x701.png 1024w, https:\/\/www.hashdezo.fr\/wp-content\/uploads\/2021\/01\/bw4_arrondi-300x205.png 300w, https:\/\/www.hashdezo.fr\/wp-content\/uploads\/2021\/01\/bw4_arrondi-768x526.png 768w, https:\/\/www.hashdezo.fr\/wp-content\/uploads\/2021\/01\/bw4_arrondi.png 1302w\" sizes=\"(max-width: 1024px) 100vw, 1024px\" \/>\t\t\t\t\t\t\t\t\t\t\t\t\t\t\t<\/div>\n\t\t\t\t<\/div>\n\t\t\t\t\t<\/div>\n\t\t<\/div>\n\t\t\t\t\t<\/div>\n\t\t<\/section>\n\t\t\t\t<div class=\"elementor-element elementor-element-6cd320e elementor-widget elementor-widget-text-editor\" data-id=\"6cd320e\" data-element_type=\"widget\" data-e-type=\"widget\" data-widget_type=\"text-editor.default\">\n\t\t\t\t<div class=\"elementor-widget-container\">\n\t\t\t\t\t\t\t\t\t<p>Nous intervenons sur l\u2019ensemble des phases du projet et nous vous accompagnons dans le cadrage, la mise en place et le d\u00e9ploiement de vos projets :<\/p>\t\t\t\t\t\t\t\t<\/div>\n\t\t\t\t<\/div>\n\t\t\t\t\t<\/div>\n\t\t<\/div>\n\t\t\t\t\t<\/div>\n\t\t<\/section>\n\t\t\t\t<section class=\"elementor-section elementor-top-section elementor-element elementor-element-0cd1be9 elementor-section-boxed elementor-section-height-default elementor-section-height-default\" data-id=\"0cd1be9\" data-element_type=\"section\" data-e-type=\"section\">\n\t\t\t\t\t\t<div class=\"elementor-container elementor-column-gap-default\">\n\t\t\t\t\t<div class=\"elementor-column elementor-col-33 elementor-top-column elementor-element elementor-element-c68915c\" data-id=\"c68915c\" data-element_type=\"column\" data-e-type=\"column\">\n\t\t\t<div class=\"elementor-widget-wrap elementor-element-populated\">\n\t\t\t\t\t\t<div class=\"elementor-element elementor-element-5688644 elementor-widget elementor-widget-text-editor\" data-id=\"5688644\" data-element_type=\"widget\" data-e-type=\"widget\" data-widget_type=\"text-editor.default\">\n\t\t\t\t<div class=\"elementor-widget-container\">\n\t\t\t\t\t\t\t\t\t<ul><li>Audit de vos infrastructures existantes<\/li><li>D\u00e9finition de l\u2019architecture et de l\u2019infrastructure<\/li><\/ul>\t\t\t\t\t\t\t\t<\/div>\n\t\t\t\t<\/div>\n\t\t\t\t\t<\/div>\n\t\t<\/div>\n\t\t\t\t<div class=\"elementor-column elementor-col-33 elementor-top-column elementor-element elementor-element-8c10968\" data-id=\"8c10968\" data-element_type=\"column\" data-e-type=\"column\">\n\t\t\t<div class=\"elementor-widget-wrap elementor-element-populated\">\n\t\t\t\t\t\t<div class=\"elementor-element elementor-element-e4616fb elementor-widget elementor-widget-text-editor\" data-id=\"e4616fb\" data-element_type=\"widget\" data-e-type=\"widget\" data-widget_type=\"text-editor.default\">\n\t\t\t\t<div class=\"elementor-widget-container\">\n\t\t\t\t\t\t\t\t\t<ul><li>Optimisation des flux de donn\u00e9es<\/li><li>D\u00e9ploiement de projets de traitement en temps r\u00e9el<\/li><li>Industrialisation des POCs et des solutions gr\u00e2ce \u00e0 notre expertise technologique<\/li><\/ul>\t\t\t\t\t\t\t\t<\/div>\n\t\t\t\t<\/div>\n\t\t\t\t\t<\/div>\n\t\t<\/div>\n\t\t\t\t<div class=\"elementor-column elementor-col-33 elementor-top-column elementor-element elementor-element-65161a5\" data-id=\"65161a5\" data-element_type=\"column\" data-e-type=\"column\">\n\t\t\t<div class=\"elementor-widget-wrap elementor-element-populated\">\n\t\t\t\t\t\t<div class=\"elementor-element elementor-element-bc709a1 elementor-widget elementor-widget-text-editor\" data-id=\"bc709a1\" data-element_type=\"widget\" data-e-type=\"widget\" data-widget_type=\"text-editor.default\">\n\t\t\t\t<div class=\"elementor-widget-container\">\n\t\t\t\t\t\t\t\t\t<ul><li>Organisation de co innovations (hackathon, startup weekends, \u2026)<\/li><li>Formation des \u00e9quipes projet et des utilisateurs<\/li><\/ul>\t\t\t\t\t\t\t\t<\/div>\n\t\t\t\t<\/div>\n\t\t\t\t\t<\/div>\n\t\t<\/div>\n\t\t\t\t\t<\/div>\n\t\t<\/section>\n\t\t\t\t<\/div>\n\t\t","protected":false},"excerpt":{"rendered":"<p>Purifiez vos donn\u00e9es, clarifiez vos d\u00e9cisions SAP BW\/4HANA est l&rsquo;\u00e9volution de la solution SAP BW. Il s&rsquo;agit d&rsquo;un nouveau produit qui permet de migrer vers des fonctionnalit\u00e9s novatrices en terme de d\u00e9cisionnel et d&rsquo;analytique. SAP BW\/4HANA est : une nouvelle solution de data warehouse, optimis\u00e9 pour SAP HANA, un d\u00e9veloppement simplifi\u00e9 une version pour le&hellip;&nbsp;<a href=\"https:\/\/www.hashdezo.fr\/index.php\/sapbw4hana\/\" rel=\"bookmark\">Lire la suite &raquo;<span class=\"screen-reader-text\">SAP BW\/4HANA<\/span><\/a><\/p>\n","protected":false},"author":1,"featured_media":0,"parent":0,"menu_order":0,"comment_status":"closed","ping_status":"closed","template":"elementor_header_footer","meta":{"neve_meta_sidebar":"full-width","neve_meta_container":"","neve_meta_enable_content_width":"on","neve_meta_content_width":100,"neve_meta_title_alignment":"","neve_meta_author_avatar":"","neve_post_elements_order":"","neve_meta_disable_header":"","neve_meta_disable_footer":"","neve_meta_disable_title":"","_themeisle_gutenberg_block_has_review":false,"footnotes":""},"class_list":["post-74","page","type-page","status-publish","hentry"],"_links":{"self":[{"href":"https:\/\/www.hashdezo.fr\/index.php\/wp-json\/wp\/v2\/pages\/74","targetHints":{"allow":["GET"]}}],"collection":[{"href":"https:\/\/www.hashdezo.fr\/index.php\/wp-json\/wp\/v2\/pages"}],"about":[{"href":"https:\/\/www.hashdezo.fr\/index.php\/wp-json\/wp\/v2\/types\/page"}],"author":[{"embeddable":true,"href":"https:\/\/www.hashdezo.fr\/index.php\/wp-json\/wp\/v2\/users\/1"}],"replies":[{"embeddable":true,"href":"https:\/\/www.hashdezo.fr\/index.php\/wp-json\/wp\/v2\/comments?post=74"}],"version-history":[{"count":27,"href":"https:\/\/www.hashdezo.fr\/index.php\/wp-json\/wp\/v2\/pages\/74\/revisions"}],"predecessor-version":[{"id":909,"href":"https:\/\/www.hashdezo.fr\/index.php\/wp-json\/wp\/v2\/pages\/74\/revisions\/909"}],"wp:attachment":[{"href":"https:\/\/www.hashdezo.fr\/index.php\/wp-json\/wp\/v2\/media?parent=74"}],"curies":[{"name":"wp","href":"https:\/\/api.w.org\/{rel}","templated":true}]}}